{"id":127,"date":"2026-03-30T18:21:10","date_gmt":"2026-03-30T16:21:10","guid":{"rendered":"https:\/\/kultwatch.se\/core_kultwatch_2025\/?page_id=127"},"modified":"2026-04-16T09:15:21","modified_gmt":"2026-04-16T07:15:21","slug":"om-oss","status":"publish","type":"page","link":"https:\/\/kultwatch.se\/core_kultwatch_2025\/om-oss\/","title":{"rendered":"Om oss"},"content":{"rendered":"\n<p><strong>Vi som \u00e4r med i styrelsen<\/strong>: <\/p>\n\n\n\n<div class=\"wp-block-media-text is-stacked-on-mobile\"><figure class=\"wp-block-media-text__media\"><img loading=\"lazy\" decoding=\"async\" width=\"800\" height=\"800\" src=\"https:\/\/kultwatch.se\/core_kultwatch_2025\/wp-content\/uploads\/2025\/12\/amanda-portratt.jpg\" alt=\"\" class=\"wp-image-41 size-full\" srcset=\"https:\/\/kultwatch.se\/core_kultwatch_2025\/wp-content\/uploads\/2025\/12\/amanda-portratt.jpg 800w, https:\/\/kultwatch.se\/core_kultwatch_2025\/wp-content\/uploads\/2025\/12\/amanda-portratt-150x150.jpg 150w, https:\/\/kultwatch.se\/core_kultwatch_2025\/wp-content\/uploads\/2025\/12\/amanda-portratt-768x768.jpg 768w, https:\/\/kultwatch.se\/core_kultwatch_2025\/wp-content\/uploads\/2025\/12\/amanda-portratt-512x512.jpg 512w, https:\/\/kultwatch.se\/core_kultwatch_2025\/wp-content\/uploads\/2025\/12\/amanda-portratt-265x265.jpg 265w, https:\/\/kultwatch.se\/core_kultwatch_2025\/wp-content\/uploads\/2025\/12\/amanda-portratt-32x32.jpg 32w\" sizes=\"auto, (max-width: 800px) 100vw, 800px\" \/><\/figure><div class=\"wp-block-media-text__content\">\n<p><strong>Amanda Ferrada<\/strong> (Ordf\u00f6rande) \u00e4r kulturstrateg och curator som arbetar med kulturpolitik som verktyg f\u00f6r att st\u00e4rka unga och r\u00f6ster fr\u00e5n marginaliserade platser. Med delaktighet, egenmakt och r\u00e4ttvisa i centrum har hon drivit flera communitybaserade plattformar och verkar f\u00f6r ett mer j\u00e4mlikt och inkluderande kulturliv. Som ordf\u00f6rande f\u00f6r Kultwatch arbetar hon f\u00f6r att lyfta unga kritiska perspektiv och skapa h\u00e5llbara kulturella sammanhang.<\/p>\n<\/div><\/div>\n\n\n\n<div class=\"wp-block-media-text is-stacked-on-mobile\"><figure class=\"wp-block-media-text__media\"><img loading=\"lazy\" decoding=\"async\" width=\"2480\" height=\"2480\" src=\"https:\/\/kultwatch.se\/core_kultwatch_2025\/wp-content\/uploads\/2026\/04\/Ali.png\" alt=\"\" class=\"wp-image-187 size-full\" srcset=\"https:\/\/kultwatch.se\/core_kultwatch_2025\/wp-content\/uploads\/2026\/04\/Ali.png 2480w, https:\/\/kultwatch.se\/core_kultwatch_2025\/wp-content\/uploads\/2026\/04\/Ali-150x150.png 150w, https:\/\/kultwatch.se\/core_kultwatch_2025\/wp-content\/uploads\/2026\/04\/Ali-1536x1536.png 1536w, https:\/\/kultwatch.se\/core_kultwatch_2025\/wp-content\/uploads\/2026\/04\/Ali-2048x2048.png 2048w\" sizes=\"auto, (max-width: 2480px) 100vw, 2480px\" \/><\/figure><div class=\"wp-block-media-text__content\">\n<p><strong>Ali Ardalan <\/strong>(Ekonomiansvarig) \u00e4r bildkonstn\u00e4r och animat\u00f6r. I sitt konstn\u00e4rskap intresserar han sig f\u00f6r minne och ber\u00e4ttande, och hur dessa kan anv\u00e4ndas som verktyg f\u00f6r att utmana och ifr\u00e5gas\u00e4tta r\u00e5dande strukturer. Han arbetar ofta med teman som migration, identitet och spr\u00e5k, samt hur vi formas som subjekt. Genom sitt arbete vill han synligg\u00f6ra maktf\u00f6rh\u00e5llanden och ge utrymme \u00e5t r\u00f6ster och erfarenheter som ofta hamnar i skymundan.<\/p>\n<\/div><\/div>\n\n\n\n<div class=\"wp-block-media-text is-stacked-on-mobile\"><figure class=\"wp-block-media-text__media\"><img loading=\"lazy\" decoding=\"async\" width=\"2480\" height=\"2480\" src=\"https:\/\/kultwatch.se\/core_kultwatch_2025\/wp-content\/uploads\/2026\/04\/jon_.png\" alt=\"\" class=\"wp-image-182 size-full\" srcset=\"https:\/\/kultwatch.se\/core_kultwatch_2025\/wp-content\/uploads\/2026\/04\/jon_.png 2480w, https:\/\/kultwatch.se\/core_kultwatch_2025\/wp-content\/uploads\/2026\/04\/jon_-150x150.png 150w, https:\/\/kultwatch.se\/core_kultwatch_2025\/wp-content\/uploads\/2026\/04\/jon_-1536x1536.png 1536w, https:\/\/kultwatch.se\/core_kultwatch_2025\/wp-content\/uploads\/2026\/04\/jon_-2048x2048.png 2048w\" sizes=\"auto, (max-width: 2480px) 100vw, 2480px\" \/><\/figure><div class=\"wp-block-media-text__content\">\n<p><strong>Jon Aagaard Gao<\/strong> (hen\/den) (Ledamot) \u00e4r poet, konstn\u00e4r och kulturarbetare vars arbete ofta kretsar kring sociala r\u00e4ttvisefr\u00e5gor och k\u00e4rlek till det queera communityt. Hen skapar platser d\u00e4r visionen \u00e4r att ingen \u00e4r fri f\u00f6rr\u00e4n alla \u00e4r fria. Hen tror inte p\u00e5 det ensamma geniet utan f\u00e5r inspiration fr\u00e5n alla runt om den och alla som har g\u00e5tt f\u00f6re.<\/p>\n<\/div><\/div>\n\n\n\n<div class=\"wp-block-media-text is-stacked-on-mobile\"><figure class=\"wp-block-media-text__media\"><img loading=\"lazy\" decoding=\"async\" width=\"2480\" height=\"2480\" src=\"https:\/\/kultwatch.se\/core_kultwatch_2025\/wp-content\/uploads\/2026\/04\/Nora.png\" alt=\"\" class=\"wp-image-183 size-full\" srcset=\"https:\/\/kultwatch.se\/core_kultwatch_2025\/wp-content\/uploads\/2026\/04\/Nora.png 2480w, https:\/\/kultwatch.se\/core_kultwatch_2025\/wp-content\/uploads\/2026\/04\/Nora-150x150.png 150w, https:\/\/kultwatch.se\/core_kultwatch_2025\/wp-content\/uploads\/2026\/04\/Nora-1536x1536.png 1536w, https:\/\/kultwatch.se\/core_kultwatch_2025\/wp-content\/uploads\/2026\/04\/Nora-2048x2048.png 2048w\" sizes=\"auto, (max-width: 2480px) 100vw, 2480px\" \/><\/figure><div class=\"wp-block-media-text__content\">\n<p><strong>Nora Ordenes S\u00f6derberg <\/strong>(Ledamot)<\/p>\n<\/div><\/div>\n\n\n\n<div class=\"wp-block-media-text is-stacked-on-mobile\"><figure class=\"wp-block-media-text__media\"><img loading=\"lazy\" decoding=\"async\" width=\"512\" height=\"512\" src=\"https:\/\/kultwatch.se\/core_kultwatch_2025\/wp-content\/uploads\/2026\/03\/cropped-eye-1.png\" alt=\"\" class=\"wp-image-92 size-full\" srcset=\"https:\/\/kultwatch.se\/core_kultwatch_2025\/wp-content\/uploads\/2026\/03\/cropped-eye-1.png 512w, https:\/\/kultwatch.se\/core_kultwatch_2025\/wp-content\/uploads\/2026\/03\/cropped-eye-1-150x150.png 150w, https:\/\/kultwatch.se\/core_kultwatch_2025\/wp-content\/uploads\/2026\/03\/cropped-eye-1-265x265.png 265w, https:\/\/kultwatch.se\/core_kultwatch_2025\/wp-content\/uploads\/2026\/03\/cropped-eye-1-32x32.png 32w, https:\/\/kultwatch.se\/core_kultwatch_2025\/wp-content\/uploads\/2026\/03\/cropped-eye-1-270x270.png 270w, https:\/\/kultwatch.se\/core_kultwatch_2025\/wp-content\/uploads\/2026\/03\/cropped-eye-1-192x192.png 192w, https:\/\/kultwatch.se\/core_kultwatch_2025\/wp-content\/uploads\/2026\/03\/cropped-eye-1-180x180.png 180w\" sizes=\"auto, (max-width: 512px) 100vw, 512px\" \/><\/figure><div class=\"wp-block-media-text__content\">\n<p><strong>Patipan Bunpuckdee<\/strong> Fj\u00e4llid (Ledamot)<\/p>\n<\/div><\/div>\n\n\n\n<div class=\"wp-block-media-text is-stacked-on-mobile\"><figure class=\"wp-block-media-text__media\"><img loading=\"lazy\" decoding=\"async\" width=\"512\" height=\"512\" src=\"https:\/\/kultwatch.se\/core_kultwatch_2025\/wp-content\/uploads\/2026\/03\/cropped-eye-1.png\" alt=\"\" class=\"wp-image-92 size-full\" srcset=\"https:\/\/kultwatch.se\/core_kultwatch_2025\/wp-content\/uploads\/2026\/03\/cropped-eye-1.png 512w, https:\/\/kultwatch.se\/core_kultwatch_2025\/wp-content\/uploads\/2026\/03\/cropped-eye-1-150x150.png 150w, https:\/\/kultwatch.se\/core_kultwatch_2025\/wp-content\/uploads\/2026\/03\/cropped-eye-1-265x265.png 265w, https:\/\/kultwatch.se\/core_kultwatch_2025\/wp-content\/uploads\/2026\/03\/cropped-eye-1-32x32.png 32w, https:\/\/kultwatch.se\/core_kultwatch_2025\/wp-content\/uploads\/2026\/03\/cropped-eye-1-270x270.png 270w, https:\/\/kultwatch.se\/core_kultwatch_2025\/wp-content\/uploads\/2026\/03\/cropped-eye-1-192x192.png 192w, https:\/\/kultwatch.se\/core_kultwatch_2025\/wp-content\/uploads\/2026\/03\/cropped-eye-1-180x180.png 180w\" sizes=\"auto, (max-width: 512px) 100vw, 512px\" \/><\/figure><div class=\"wp-block-media-text__content\">\n<p><\/p>\n\n\n\n<p><strong>Sophia Ammouri<\/strong> (Ledamot) \u00e4r konstn\u00e4r fr\u00e5n vars praktik utg\u00e5r fr\u00e5n m\u00e5leri och str\u00e4cker sig \u00f6ver textil och skulptur. Hennes arbete r\u00f6r sig mellan materialunders\u00f6kning och kollektiva erfarenheter, med fokus p\u00e5 att omkontextualisera vardagliga objekt, bilder och identiteter kopplade till hem. Vid sidan av sitt konstn\u00e4rskap arbetar hon som producent och organisat\u00f6r i Stockholm<br><br><\/p>\n<\/div><\/div>\n","protected":false},"excerpt":{"rendered":"<p>Vi som \u00e4r med i styrelsen: Amanda Ferrada (Ordf\u00f6rande) \u00e4r kulturstrateg och curator som arbetar med kulturpolitik som verktyg f\u00f6r att st\u00e4rka unga och r\u00f6ster fr\u00e5n marginaliserade platser. Med delaktighet, egenmakt och r\u00e4ttvisa i centrum har hon drivit flera communitybaserade plattformar och verkar f\u00f6r ett mer j\u00e4mlikt och inkluderande kulturliv. Som ordf\u00f6rande f\u00f6r Kultwatch arbetar [&hellip;]<\/p>\n","protected":false},"author":1,"featured_media":0,"parent":0,"menu_order":0,"comment_status":"closed","ping_status":"closed","template":"","meta":{"footnotes":""},"class_list":["post-127","page","type-page","status-publish","hentry"],"_links":{"self":[{"href":"https:\/\/kultwatch.se\/core_kultwatch_2025\/wp-json\/wp\/v2\/pages\/127","targetHints":{"allow":["GET"]}}],"collection":[{"href":"https:\/\/kultwatch.se\/core_kultwatch_2025\/wp-json\/wp\/v2\/pages"}],"about":[{"href":"https:\/\/kultwatch.se\/core_kultwatch_2025\/wp-json\/wp\/v2\/types\/page"}],"author":[{"embeddable":true,"href":"https:\/\/kultwatch.se\/core_kultwatch_2025\/wp-json\/wp\/v2\/users\/1"}],"replies":[{"embeddable":true,"href":"https:\/\/kultwatch.se\/core_kultwatch_2025\/wp-json\/wp\/v2\/comments?post=127"}],"version-history":[{"count":10,"href":"https:\/\/kultwatch.se\/core_kultwatch_2025\/wp-json\/wp\/v2\/pages\/127\/revisions"}],"predecessor-version":[{"id":190,"href":"https:\/\/kultwatch.se\/core_kultwatch_2025\/wp-json\/wp\/v2\/pages\/127\/revisions\/190"}],"wp:attachment":[{"href":"https:\/\/kultwatch.se\/core_kultwatch_2025\/wp-json\/wp\/v2\/media?parent=127"}],"curies":[{"name":"wp","href":"https:\/\/api.w.org\/{rel}","templated":true}]}}